{"id":956,"date":"2022-01-11T21:09:10","date_gmt":"2022-01-11T20:09:10","guid":{"rendered":"https:\/\/emeuv.es\/?page_id=956"},"modified":"2022-01-11T21:13:56","modified_gmt":"2022-01-11T20:13:56","slug":"politica-de-privacidad","status":"publish","type":"page","link":"https:\/\/emeuv.es\/?page_id=956","title":{"rendered":"Pol\u00edtica de Privacidad"},"content":{"rendered":"\n<p>En esta declaraci\u00f3n de privacidad se explica qu\u00e9 datos personales se recopilan de los usuarios y c\u00f3mo son utilizados.<\/p>\n\n\n\n<ul class=\"wp-block-list\"><li>No se solicita informaci\u00f3n personal a menos que realmente sea necesaria para prestar los servicios requeridos.<\/li><li>No se comparte informaci\u00f3n personal de los usuarios con terceros.<\/li><li>No se utilizan los datos personales con una finalidad diferente a la expresada en esta pol\u00edtica de privacidad.<\/li><\/ul>\n\n\n\n<p>Es preciso advertir que esta Pol\u00edtica de Privacidad podr\u00eda variar en funci\u00f3n de exigencias legislativas o de autorregulaci\u00f3n, por lo que se aconseja a los usuarios que la visiten peri\u00f3dicamente.<\/p>\n\n\n\n<p>Ser\u00e1 aplicable en caso de que los usuarios decidan rellenar alg\u00fan formulario donde se recaben datos de car\u00e1cter personal.<\/p>\n\n\n\n<p>Emeuves ha adecuado la web a las exigencias de la Ley Org\u00e1nica 15\/1999, de 13 de diciembre, de Protecci\u00f3n de Datos de Car\u00e1cter Personal (LOPD), y al Real Decreto 1720\/2007, de 21 de diciembre, conocido como el Reglamento de desarrollo de la LOPD.<\/p>\n\n\n\n<p>Cumple tambi\u00e9n con el Reglamento (UE) 2016\/679 del Parlamento Europeo y del Consejo de 27 de abril de 2016 relativo a la protecci\u00f3n de las personas f\u00edsicas (RGPD), as\u00ed como con la Ley 34\/2002, de 11 de julio, de Servicios de la Sociedad de la Informaci\u00f3n y Comercio Electr\u00f3nico (LSSICE o LSSI).<\/p>\n\n\n\n<h2 class=\"wp-block-heading\"><strong>Responsable del tratamiento de los datos personales<\/strong><\/h2>\n\n\n\n<ul class=\"wp-block-list\"><li><strong>Identidad del Responsable:<\/strong>&nbsp;Iv\u00e1n Mart\u00edn Vedriel<\/li><li><strong>Nombre comercial:<\/strong>&nbsp;Emeuves<\/li><li><strong>Direcci\u00f3n:<\/strong>&nbsp;c\/de la Malvarrosa 2, 28937 M\u00f3stoles (Madrid)<\/li><li><strong>Correo electr\u00f3nico:<\/strong>&nbsp;contacto@emeuv.es<\/li><li><strong>Actividad:<\/strong>&nbsp;Desarrollo de software<\/li><\/ul>\n\n\n\n<p>A efectos de lo previsto en el Reglamento General de Protecci\u00f3n de Datos antes citado, los datos personales que se env\u00eden a trav\u00e9s de los formularios de la web, recibir\u00e1n el tratamiento de datos de \u201cUsuarios de la web\u201d.<\/p>\n\n\n\n<p>Para el tratamiento de datos de los usuarios, se implementan todas las medidas t\u00e9cnicas y organizativas de seguridad establecidas en la legislaci\u00f3n vigente.<\/p>\n\n\n\n<h2 class=\"wp-block-heading\"><strong>Principios de aplicaci\u00f3n a la informaci\u00f3n personal<\/strong><\/h2>\n\n\n\n<p>En el tratamiento de los datos personales, se aplicaran los siguientes principios que se ajustan a las exigencias del reglamento europeo de protecci\u00f3n de datos:<\/p>\n\n\n\n<ul class=\"wp-block-list\"><li><strong>Principio de licitud, lealtad y transparencia:<\/strong>&nbsp;siempre se va a requerir el consentimiento para el tratamiento de los datos personales para uno o varios fines espec\u00edficos que ser\u00e1n informados previamente con absoluta transparencia.<\/li><li><strong>Principio de minimizaci\u00f3n de datos:<\/strong>&nbsp;solo se van a solicitar los datos estrictamente necesarios en relaci\u00f3n con los fines para los que se requieren.<\/li><li><strong>Principio de limitaci\u00f3n del plazo de conservaci\u00f3n:<\/strong>&nbsp;los datos ser\u00e1n mantenidos durante no m\u00e1s tiempo del necesario para los fines del tratamiento, en funci\u00f3n a la finalidad.<\/li><li><strong>Principio de integridad y confidencialidad:<\/strong>&nbsp;los datos ser\u00e1n tratados de tal manera que se garantice una seguridad adecuada de los datos personales y se garantice confidencialidad.<\/li><\/ul>\n\n\n\n<h2 class=\"wp-block-heading\"><strong>\u00bfC\u00f3mo se obtienen los datos?<\/strong><\/h2>\n\n\n\n<p>Los datos personales que se tratan en https:\/\/emeuv.es proceden de:<\/p>\n\n\n\n<ul class=\"wp-block-list\"><li>Formulario de contacto<\/li><\/ul>\n\n\n\n<h2 class=\"wp-block-heading\"><strong>\u00bfCu\u00e1les son tus derechos cuando facilitas tus datos?<\/strong><\/h2>\n\n\n\n<p>Cualquier persona tiene derecho a obtener confirmaci\u00f3n sobre si en Emeuves se est\u00e1n tratando tus datos personales, o no.<\/p>\n\n\n\n<p>Las personas interesadas tienen derecho a:<\/p>\n\n\n\n<ul class=\"wp-block-list\"><li>Solicitar el acceso a los datos personales relativos al interesado<\/li><li>Solicitar su rectificaci\u00f3n o supresi\u00f3n<\/li><li>Solicitar la limitaci\u00f3n de su tratamiento<\/li><li>Oponerse al tratamiento<\/li><\/ul>\n\n\n\n<p>Los interesados podr\u00e1n&nbsp;<strong>acceder<\/strong>&nbsp;a sus datos personales, as\u00ed como a solicitar la&nbsp;<strong>rectificaci\u00f3n<\/strong>&nbsp;de los datos inexactos o, en su caso, solicitar su&nbsp;<strong>supresi\u00f3n<\/strong>&nbsp;cuando, entre otros motivos, los datos ya no sean necesarios para los fines que fueron recogidos. En determinadas circunstancias, los interesados podr\u00e1n solicitar la&nbsp;<strong>limitaci\u00f3n<\/strong>&nbsp;del tratamiento de sus datos, en cuyo caso \u00fanicamente se conservaran para el ejercicio o la defensa de reclamaciones.<\/p>\n\n\n\n<p>Los interesados tambi\u00e9n tendr\u00e1n derecho a la tutela judicial efectiva y a presentar una reclamaci\u00f3n ante la autoridad de control, en este caso, la Agencia Espa\u00f1ola de Protecci\u00f3n de Datos, si consideran que el tratamiento de datos personales que le conciernen infringe el Reglamento.<\/p>\n\n\n\n<h2 class=\"wp-block-heading\"><strong>\u00bfCon qu\u00e9 finalidad se tratan los datos personales?<\/strong><\/h2>\n\n\n\n<p>En Emeuves existe un \u00fanico sistema de captura y tratamiento de informaci\u00f3n personal con el siguiente fin:<\/p>\n\n\n\n<ul class=\"wp-block-list\"><li><strong>Formulario de contacto:<\/strong>&nbsp;se solicitan los siguientes datos personales: Nombre, Email, para responder a las solicitudes de los usuarios de https:\/\/emeuv.es, exactamente igual que si se enviara un correo electr\u00f3nico a contacto@emeuv.es. Se pueden utilizar esos datos para responder a la solicitud y dar respuesta a las dudas, quejas, comentarios o inquietudes relativas a la informaci\u00f3n incluida en la web, los servicios que se prestan, el tratamiento de los datos personales, cuestiones referentes a los textos legales incluidos en la web, as\u00ed como cualesquiera otras consultas que se puedan tener.<\/li><\/ul>\n\n\n\n<h2 class=\"wp-block-heading\"><strong>Legitimaci\u00f3n para el tratamiento de los datos<\/strong><\/h2>\n\n\n\n<p>La base legal para el tratamiento de sus datos es: el consentimiento.<\/p>\n\n\n\n<p>Para contactar a trav\u00e9s de la web se requiere el consentimiento con esta pol\u00edtica de privacidad.<\/p>\n\n\n\n<h2 class=\"wp-block-heading\"><strong>Categor\u00eda de datos<\/strong><\/h2>\n\n\n\n<p>Las categor\u00edas de datos que se tratan son datos identificativos.<\/p>\n\n\n\n<p>No se tratan categor\u00edas de datos especialmente protegidos.<\/p>\n\n\n\n<h2 class=\"wp-block-heading\"><strong>\u00bfPor cu\u00e1nto tiempo se conservar\u00e1n los datos?<\/strong><\/h2>\n\n\n\n<p>Los datos personales proporcionados no se conservar\u00e1n:<\/p>\n\n\n\n<ul class=\"wp-block-list\"><li>Ser\u00e1n utilizados \u00fanicamente para completar el mensaje enviado por el usuario, indicando el remitente, pero en ning\u00fan caso ser\u00e1n almacenados y conservados de manera estructurada.<\/li><\/ul>\n\n\n\n<h2 class=\"wp-block-heading\"><strong>\u00bfA qu\u00e9 destinatarios se comunicar\u00e1n tus datos?<\/strong><\/h2>\n\n\n\n<p>Para prestar los servicios, Emeuves procesa los datos en los siguientes proveedores servicio, bajo sus correspondientes condiciones de privacidad:<\/p>\n\n\n\n<p><strong>Hosting:<\/strong>&nbsp;OVH HISPANO SL., con domicilio en Espa\u00f1a. M\u00e1s informaci\u00f3n en: https:\/\/www.ovh.es\/soporte\/aviso-legal\/<\/p>\n\n\n\n<h2 class=\"wp-block-heading\"><strong>Secreto y seguridad de los datos<\/strong><\/h2>\n\n\n\n<p>https:\/\/emeuv.es se compromete en el uso y tratamiento de los datos personales de los usuarios, respetando su confidencialidad y a utilizarlos de acuerdo con la finalidad del mismo, as\u00ed como a dar cumplimiento a su obligaci\u00f3n de guardarlos y adaptar todas las medidas para evitar la alteraci\u00f3n, p\u00e9rdida, tratamiento o acceso no autorizado, de conformidad con lo establecido en la normativa vigente de protecci\u00f3n de datos.<\/p>\n\n\n\n<p>Esta web incluye un certificado SSL. Se trata de un protocolo de seguridad que hace que los datos viajen de manera \u00edntegra y segura, es decir, la transmisi\u00f3n de los datos entre un servidor y usuario web va cifrada.<\/p>\n\n\n\n<p>https:\/\/emeuv.es no puede garantizar la absoluta inexpugnabilidad de la red Internet y por tanto la violaci\u00f3n de los datos mediante accesos fraudulentos a ellos por parte de terceros.<\/p>\n\n\n\n<p>Con respecto a la confidencialidad del procesamiento, se asegurar\u00e1 de que cualquier persona que est\u00e9 autorizada por Emeuves para procesar los datos del cliente (incluido su personal, colaboradores y prestadores), estar\u00e1 bajo la obligaci\u00f3n apropiada de confidencialidad (ya sea un deber contractual o legal).<\/p>\n\n\n\n<p>Cuando se presente alg\u00fan incidente de seguridad, al darse cuenta Emeuves, deber\u00e1 notificar al Cliente sin demoras indebidas y deber\u00e1 proporcionar informaci\u00f3n oportuna relacionada con el Incidente de Seguridad tal como se conozca.<\/p>\n\n\n\n<h2 class=\"wp-block-heading\"><strong>Exactitud y veracidad de los datos<\/strong><\/h2>\n\n\n\n<p>Como usuario, eres el \u00fanico responsable de la veracidad y correcci\u00f3n de los datos remitidos a https:\/\/emeuv.es exonerando Emeuves, de cualquier responsabilidad al respecto.<\/p>\n\n\n\n<h2 class=\"wp-block-heading\"><strong>Aceptaci\u00f3n y consentimiento<\/strong><\/h2>\n\n\n\n<p>El usuario declara haber sido informado de las condiciones sobre protecci\u00f3n de datos de car\u00e1cter personal, aceptando y consintiendo el tratamiento de los mismos por parte de Emeuves en la forma y para las finalidades indicadas en esta pol\u00edtica de privacidad.<\/p>\n\n\n\n<h2 class=\"wp-block-heading\"><strong>Revocabilidad<\/strong><\/h2>\n\n\n\n<p>El consentimiento prestado, tanto para el tratamiento como para la cesi\u00f3n de los datos de los interesados, es revocable en cualquier momento comunic\u00e1ndolo a contacto@emeuv.es (Emeuves) en los t\u00e9rminos establecidos en esta Pol\u00edtica para el ejercicio de los derechos ARCO. Esta revocaci\u00f3n en ning\u00fan caso tendr\u00e1 car\u00e1cter retroactivo.<\/p>\n\n\n\n<h2 class=\"wp-block-heading\"><strong>Cambios en la pol\u00edtica de privacidad<\/strong><\/h2>\n\n\n\n<p>Emeuves se reserva el derecho a modificar la presente pol\u00edtica para adaptarla a novedades legislativas o jurisprudenciales.<\/p>\n\n\n\n<h2 class=\"wp-block-heading\"><strong>Correos comerciales<\/strong><\/h2>\n\n\n\n<p>Conforme a lo dispuesto en la Ley 34\/2002 de Servicios de la Sociedad de la Informaci\u00f3n y de comercio electr\u00f3nico, https:\/\/emeuv.es se compromete a no enviar comunicaciones de car\u00e1cter comercial sin identificarlas debidamente.<\/p>\n","protected":false},"excerpt":{"rendered":"<p>En esta declaraci\u00f3n de privacidad se explica qu\u00e9 datos personales se recopilan de los usuarios y c\u00f3mo son utilizados. No se solicita informaci\u00f3n personal a menos que realmente sea necesaria para prestar los servicios requeridos. No se comparte informaci\u00f3n personal de los usuarios con terceros. No se utilizan los datos personales con una finalidad diferente [&hellip;]<\/p>\n","protected":false},"author":1,"featured_media":0,"parent":0,"menu_order":0,"comment_status":"closed","ping_status":"closed","template":"","meta":{"footnotes":""},"class_list":["post-956","page","type-page","status-publish","hentry"],"aioseo_notices":[],"_links":{"self":[{"href":"https:\/\/emeuv.es\/index.php?rest_route=\/wp\/v2\/pages\/956","targetHints":{"allow":["GET"]}}],"collection":[{"href":"https:\/\/emeuv.es\/index.php?rest_route=\/wp\/v2\/pages"}],"about":[{"href":"https:\/\/emeuv.es\/index.php?rest_route=\/wp\/v2\/types\/page"}],"author":[{"embeddable":true,"href":"https:\/\/emeuv.es\/index.php?rest_route=\/wp\/v2\/users\/1"}],"replies":[{"embeddable":true,"href":"https:\/\/emeuv.es\/index.php?rest_route=%2Fwp%2Fv2%2Fcomments&post=956"}],"version-history":[{"count":36,"href":"https:\/\/emeuv.es\/index.php?rest_route=\/wp\/v2\/pages\/956\/revisions"}],"predecessor-version":[{"id":1004,"href":"https:\/\/emeuv.es\/index.php?rest_route=\/wp\/v2\/pages\/956\/revisions\/1004"}],"wp:attachment":[{"href":"https:\/\/emeuv.es\/index.php?rest_route=%2Fwp%2Fv2%2Fmedia&parent=956"}],"curies":[{"name":"wp","href":"https:\/\/api.w.org\/{rel}","templated":true}]}}